{"id":96,"date":"2025-02-07T23:46:17","date_gmt":"2025-02-07T22:46:17","guid":{"rendered":"https:\/\/mavieromantique.com\/?page_id=96"},"modified":"2025-02-13T23:56:02","modified_gmt":"2025-02-13T22:56:02","slug":"aviso-legal","status":"publish","type":"page","link":"https:\/\/mavieromantique.com\/en\/aviso-legal\/","title":{"rendered":"Legal Notice"},"content":{"rendered":"\t\t<div data-elementor-type=\"wp-page\" data-elementor-id=\"96\" class=\"elementor elementor-96\" data-elementor-post-type=\"page\">\n\t\t\t\t<div class=\"elementor-element elementor-element-643c585b e-flex e-con-boxed e-con e-parent\" data-id=\"643c585b\" data-element_type=\"container\" data-e-type=\"container\">\n\t\t\t\t\t<div class=\"e-con-inner\">\n\t\t\t\t<div class=\"elementor-element elementor-element-1940b323 elementor-widget elementor-widget-text-editor\" data-id=\"1940b323\" data-element_type=\"widget\" data-e-type=\"widget\" data-widget_type=\"text-editor.default\">\n\t\t\t\t<div class=\"elementor-widget-container\">\n\t\t\t\t\t\t\t\t\tEn cumplimiento con el deber de informaci\u00f3n establecido en la Ley 34\/2002, de 11 de julio, de Servicios de la Sociedad de la Informaci\u00f3n y del Comercio Electr\u00f3nico (LSSI-CE), se facilita a continuaci\u00f3n la siguiente informaci\u00f3n general del sitio web <strong>elbrunchdelanovia.com<\/strong>:\r\n\r\n<strong>Datos del titular del sitio web:<\/strong>\r\n<ul data-spread=\"false\">\r\n \t<li><strong>Nombre completo:<\/strong> Mar\u00eda Isabel Lopez Bravo<\/li>\r\n \t<li><strong>CIF:<\/strong> 05306393V<\/li>\r\n \t<li><strong>Tel\u00e9fono de contacto:<\/strong> 650660418<\/li>\r\n \t<li><strong>Correo electr\u00f3nico de contacto:<\/strong> [indicar email]<\/li>\r\n \t<li><strong>Domicilio:<\/strong> [indicar direcci\u00f3n, si aplica]<\/li>\r\n<\/ul>\r\n<strong>Objeto del sitio web<\/strong>\r\nEl presente sitio web tiene como finalidad ofrecer informaci\u00f3n sobre los servicios y productos ofrecidos por Mar\u00eda Isabel Lopez Bravo en el \u00e1mbito de [descripci\u00f3n de actividad o servicios].\r\n\r\n<strong>Condiciones de uso<\/strong>\r\nEl acceso y navegaci\u00f3n en este sitio web, as\u00ed como el uso de los servicios ofrecidos, implican la aceptaci\u00f3n plena y sin reservas de las condiciones establecidas en el presente Aviso Legal. El usuario se compromete a utilizar el sitio web y sus servicios conforme a la legalidad vigente, la buena fe y el orden p\u00fablico.\r\n\r\n<strong>Propiedad intelectual e industrial<\/strong>\r\nTodos los contenidos de este sitio web (textos, im\u00e1genes, logotipos, marcas, software, etc.) est\u00e1n protegidos por la normativa de propiedad intelectual e industrial. Queda prohibida su reproducci\u00f3n, distribuci\u00f3n o modificaci\u00f3n sin la autorizaci\u00f3n expresa de su titular.\r\n\r\n<strong>Exclusi\u00f3n de responsabilidad<\/strong>\r\nEl titular del sitio web no se hace responsable de los da\u00f1os o perjuicios derivados del mal uso de la informaci\u00f3n y contenidos del sitio. Asimismo, no garantiza la disponibilidad permanente del sitio web, aunque se adoptar\u00e1n las medidas necesarias para minimizar interrupciones.\r\n\r\n<strong>Enlaces a terceros<\/strong>\r\nEste sitio web puede incluir enlaces a terceros. En ning\u00fan caso el titular asumir\u00e1 responsabilidad por los contenidos, servicios o informaciones proporcionadas por dichos terceros.\r\n\r\n<strong>Legislaci\u00f3n aplicable y jurisdicci\u00f3n<\/strong>\r\nEl presente Aviso Legal se rige por la normativa espa\u00f1ola. Para cualquier controversia derivada del uso del sitio web, las partes se someten a la jurisdicci\u00f3n de los tribunales competentes en [indicar localidad].\r\n\r\nPara cualquier duda o consulta sobre este Aviso Legal, puede ponerse en contacto con nosotros a trav\u00e9s del correo electr\u00f3nico [indicar email].\t\t\t\t\t\t\t\t<\/div>\n\t\t\t\t<\/div>\n\t\t\t\t\t<\/div>\n\t\t\t\t<\/div>\n\t\t\t\t<\/div>\n\t\t","protected":false},"excerpt":{"rendered":"<p>En cumplimiento con el deber de informaci\u00f3n establecido en la Ley 34\/2002, de 11 de julio, de Servicios de la Sociedad de la Informaci\u00f3n y del Comercio Electr\u00f3nico (LSSI-CE), se facilita a continuaci\u00f3n la siguiente informaci\u00f3n general del sitio web elbrunchdelanovia.com: Datos del titular del sitio web: Nombre completo: Mar\u00eda Isabel Lopez Bravo CIF: 05306393V [&hellip;]<\/p>\n","protected":false},"author":1,"featured_media":0,"parent":0,"menu_order":0,"comment_status":"closed","ping_status":"closed","template":"","meta":{"_acf_changed":false,"footnotes":""},"class_list":["post-96","page","type-page","status-publish","hentry"],"acf":[],"_links":{"self":[{"href":"https:\/\/mavieromantique.com\/en\/wp-json\/wp\/v2\/pages\/96","targetHints":{"allow":["GET"]}}],"collection":[{"href":"https:\/\/mavieromantique.com\/en\/wp-json\/wp\/v2\/pages"}],"about":[{"href":"https:\/\/mavieromantique.com\/en\/wp-json\/wp\/v2\/types\/page"}],"author":[{"embeddable":true,"href":"https:\/\/mavieromantique.com\/en\/wp-json\/wp\/v2\/users\/1"}],"replies":[{"embeddable":true,"href":"https:\/\/mavieromantique.com\/en\/wp-json\/wp\/v2\/comments?post=96"}],"version-history":[{"count":4,"href":"https:\/\/mavieromantique.com\/en\/wp-json\/wp\/v2\/pages\/96\/revisions"}],"predecessor-version":[{"id":868,"href":"https:\/\/mavieromantique.com\/en\/wp-json\/wp\/v2\/pages\/96\/revisions\/868"}],"wp:attachment":[{"href":"https:\/\/mavieromantique.com\/en\/wp-json\/wp\/v2\/media?parent=96"}],"curies":[{"name":"wp","href":"https:\/\/api.w.org\/{rel}","templated":true}]}}