{"id":101,"date":"2025-02-08T00:00:21","date_gmt":"2025-02-07T23:00:21","guid":{"rendered":"https:\/\/mavieromantique.com\/?page_id=101"},"modified":"2025-02-13T23:59:35","modified_gmt":"2025-02-13T22:59:35","slug":"politica-de-cookies","status":"publish","type":"page","link":"https:\/\/mavieromantique.com\/en\/politica-de-cookies\/","title":{"rendered":"Cookies Policy"},"content":{"rendered":"\t\t<div data-elementor-type=\"wp-page\" data-elementor-id=\"101\" class=\"elementor elementor-101\" data-elementor-post-type=\"page\">\n\t\t\t\t<div class=\"elementor-element elementor-element-4ce6051a e-flex e-con-boxed e-con e-parent\" data-id=\"4ce6051a\" data-element_type=\"container\" data-e-type=\"container\">\n\t\t\t\t\t<div class=\"e-con-inner\">\n\t\t\t\t<div class=\"elementor-element elementor-element-6e4018f3 elementor-widget elementor-widget-text-editor\" data-id=\"6e4018f3\" data-element_type=\"widget\" data-e-type=\"widget\" data-widget_type=\"text-editor.default\">\n\t\t\t\t<div class=\"elementor-widget-container\">\n\t\t\t\t\t\t\t\t\t<p data-pm-slice=\"1 1 []\">El sitio web <strong>elbrunchdelanovia.com<\/strong> utiliza cookies para mejorar la experiencia del usuario y ofrecer un mejor servicio. A continuaci\u00f3n, se detallan qu\u00e9 son las cookies, qu\u00e9 tipos de cookies se utilizan en este sitio web y c\u00f3mo se pueden gestionar.<\/p>\r\n<strong>\u00bfQu\u00e9 son las cookies?<\/strong>\r\nLas cookies son peque\u00f1os archivos de texto que se almacenan en el dispositivo del usuario cuando visita un sitio web. Su funci\u00f3n principal es recordar informaci\u00f3n sobre la navegaci\u00f3n del usuario y mejorar la experiencia en futuras visitas.\r\n\r\n<strong>Tipos de cookies utilizadas<\/strong>\r\nEste sitio web utiliza los siguientes tipos de cookies:\r\n<ul data-spread=\"false\">\r\n \t<li><strong>Cookies t\u00e9cnicas:<\/strong> Necesarias para el correcto funcionamiento del sitio web y la prestaci\u00f3n de los servicios ofrecidos.<\/li>\r\n \t<li><strong>Cookies de an\u00e1lisis:<\/strong> Permiten el seguimiento y an\u00e1lisis del comportamiento de los usuarios en el sitio web con el fin de mejorar sus funcionalidades.<\/li>\r\n \t<li><strong>Cookies de personalizaci\u00f3n:<\/strong> Permiten recordar preferencias del usuario, como el idioma o la configuraci\u00f3n regional.<\/li>\r\n \t<li><strong>Cookies de publicidad:<\/strong> Se utilizan para mostrar anuncios relevantes para el usuario, en funci\u00f3n de sus h\u00e1bitos de navegaci\u00f3n.<\/li>\r\n<\/ul>\r\n<strong>Gesti\u00f3n de cookies<\/strong>\r\nEl usuario puede configurar su navegador para aceptar, rechazar o eliminar las cookies en cualquier momento. A continuaci\u00f3n, se proporcionan enlaces a la configuraci\u00f3n de cookies de los principales navegadores:\r\n<ul data-spread=\"false\">\r\n \t<li><a>Google Chrome<\/a><\/li>\r\n \t<li><a href=\"https:\/\/support.mozilla.org\/es\/kb\/Deshabilitar%20cookies\" target=\"_blank\" rel=\"noopener\">Mozilla Firefox<\/a><\/li>\r\n \t<li><a href=\"https:\/\/support.apple.com\/es-es\/guide\/safari\/sfri11471\/mac\" target=\"_blank\" rel=\"noopener\">Safari<\/a><\/li>\r\n \t<li><a href=\"https:\/\/support.microsoft.com\/es-es\/help\/4027947\/microsoft-edge-delete-cookies\" target=\"_blank\" rel=\"noopener\">Microsoft Edge<\/a><\/li>\r\n<\/ul>\r\n<strong>Modificaci\u00f3n de la pol\u00edtica de cookies<\/strong>\r\nEl titular del sitio web se reserva el derecho a modificar la presente Pol\u00edtica de Cookies en funci\u00f3n de cambios legislativos o nuevas funcionalidades del sitio web.\r\n\r\nPara m\u00e1s informaci\u00f3n sobre el uso de cookies en este sitio web, puede ponerse en contacto con nosotros a trav\u00e9s del correo electr\u00f3nico [indicar email].\t\t\t\t\t\t\t\t<\/div>\n\t\t\t\t<\/div>\n\t\t\t\t\t<\/div>\n\t\t\t\t<\/div>\n\t\t\t\t<\/div>\n\t\t","protected":false},"excerpt":{"rendered":"<p>El sitio web elbrunchdelanovia.com utiliza cookies para mejorar la experiencia del usuario y ofrecer un mejor servicio. A continuaci\u00f3n, se detallan qu\u00e9 son las cookies, qu\u00e9 tipos de cookies se utilizan en este sitio web y c\u00f3mo se pueden gestionar. \u00bfQu\u00e9 son las cookies? Las cookies son peque\u00f1os archivos de texto que se almacenan en [&hellip;]<\/p>\n","protected":false},"author":1,"featured_media":0,"parent":0,"menu_order":0,"comment_status":"closed","ping_status":"closed","template":"","meta":{"_acf_changed":false,"footnotes":""},"class_list":["post-101","page","type-page","status-publish","hentry"],"acf":[],"_links":{"self":[{"href":"https:\/\/mavieromantique.com\/en\/wp-json\/wp\/v2\/pages\/101","targetHints":{"allow":["GET"]}}],"collection":[{"href":"https:\/\/mavieromantique.com\/en\/wp-json\/wp\/v2\/pages"}],"about":[{"href":"https:\/\/mavieromantique.com\/en\/wp-json\/wp\/v2\/types\/page"}],"author":[{"embeddable":true,"href":"https:\/\/mavieromantique.com\/en\/wp-json\/wp\/v2\/users\/1"}],"replies":[{"embeddable":true,"href":"https:\/\/mavieromantique.com\/en\/wp-json\/wp\/v2\/comments?post=101"}],"version-history":[{"count":4,"href":"https:\/\/mavieromantique.com\/en\/wp-json\/wp\/v2\/pages\/101\/revisions"}],"predecessor-version":[{"id":881,"href":"https:\/\/mavieromantique.com\/en\/wp-json\/wp\/v2\/pages\/101\/revisions\/881"}],"wp:attachment":[{"href":"https:\/\/mavieromantique.com\/en\/wp-json\/wp\/v2\/media?parent=101"}],"curies":[{"name":"wp","href":"https:\/\/api.w.org\/{rel}","templated":true}]}}